{"id":173,"date":"2019-03-10T18:35:28","date_gmt":"2019-03-10T18:35:28","guid":{"rendered":"http:\/\/cyasesorias.cl\/?page_id=173"},"modified":"2019-03-18T13:44:20","modified_gmt":"2019-03-18T13:44:20","slug":"servicios","status":"publish","type":"page","link":"https:\/\/cyasesorias.cl\/?page_id=173","title":{"rendered":"Servicios"},"content":{"rendered":"\n<p>Podemos guiarte desde el inicio de\nactividades de t\u00fa empresa hasta la generaci\u00f3n de informes financieros que se\najusten a t\u00fa necesidad de la informaci\u00f3n, asegurando el cumplimiento de las\nnormativas vigentes. Nos preocupamos que la informaci\u00f3n sea id\u00f3nea para la toma\nde decisiones.<\/p>\n\n\n\n<p><strong>1.-Asesor\u00eda Contable<\/strong><\/p>\n\n\n\n<div class=\"wp-block-image\"><figure class=\"aligncenter\"><img loading=\"lazy\" decoding=\"async\" width=\"960\" height=\"350\" src=\"http:\/\/cyasesorias.cl\/wp-content\/uploads\/2019\/03\/129735-banner1-1.jpg\" alt=\"\" class=\"wp-image-315\" srcset=\"https:\/\/cyasesorias.cl\/wp-content\/uploads\/2019\/03\/129735-banner1-1.jpg 960w, https:\/\/cyasesorias.cl\/wp-content\/uploads\/2019\/03\/129735-banner1-1-300x109.jpg 300w, https:\/\/cyasesorias.cl\/wp-content\/uploads\/2019\/03\/129735-banner1-1-768x280.jpg 768w\" sizes=\"auto, (max-width: 960px) 100vw, 960px\" \/><\/figure><\/div>\n\n\n\n<p>*Auditoria interna <\/p>\n\n\n\n<p>*Proceso&nbsp;\ncontabilidad mensual<\/p>\n\n\n\n<p>*An\u00e1lisis de cuentas <\/p>\n\n\n\n<p>*Confecci\u00f3n y declaraci\u00f3n de\nimpuestos&nbsp; mensuales (F-29&nbsp; IVA, F-50 Impuesto adicional)<\/p>\n\n\n\n<p>*Facturaci\u00f3n electr\u00f3nica<\/p>\n\n\n\n<p>*Confecci\u00f3n y env\u00edo mensual &nbsp;libro electr\u00f3nico de ventas y compras<\/p>\n\n\n\n<p>*Elaboraci\u00f3n Estados Financieros\n(Balance, Estado Resultado, Flujo efectivo)<\/p>\n\n\n\n<p>*Supervisi\u00f3n del cumplimiento de las\nnormas contables<\/p>\n\n\n\n<p>*Servicios administrativos<\/p>\n\n\n\n<p>*Patentes municipales<\/p>\n\n\n\n<p>*Informes de gesti\u00f3n<\/p>\n\n\n\n<p>*Inventarios<\/p>\n\n\n\n<p>*Activo fijo<\/p>\n\n\n\n<p>*Informes de caja y presupuesto<\/p>\n\n\n\n<p>*Control de clientes, proveedores y\nestados de cobranza<\/p>\n\n\n\n<p><strong>2.-Asesoria\nTributaria<\/strong><\/p>\n\n\n\n<div class=\"wp-block-image\"><figure class=\"aligncenter\"><img loading=\"lazy\" decoding=\"async\" width=\"960\" height=\"350\" src=\"http:\/\/cyasesorias.cl\/wp-content\/uploads\/2019\/03\/129735-banner2.jpg\" alt=\"\" class=\"wp-image-316\" srcset=\"https:\/\/cyasesorias.cl\/wp-content\/uploads\/2019\/03\/129735-banner2.jpg 960w, https:\/\/cyasesorias.cl\/wp-content\/uploads\/2019\/03\/129735-banner2-300x109.jpg 300w, https:\/\/cyasesorias.cl\/wp-content\/uploads\/2019\/03\/129735-banner2-768x280.jpg 768w\" sizes=\"auto, (max-width: 960px) 100vw, 960px\" \/><\/figure><\/div>\n\n\n\n<p>*Confecci\u00f3n y declaraci\u00f3n de impuestos\nanuales (F-22 RENTA)<\/p>\n\n\n\n<p>*Declaraciones juradas<\/p>\n\n\n\n<p>*RLI e impuestos diferidos<\/p>\n\n\n\n<p>*Capital propio<\/p>\n\n\n\n<p>*Devoluci\u00f3n de impuestos<\/p>\n\n\n\n<p>*Evaluaci\u00f3n y&nbsp; planificaci\u00f3n tributaria<\/p>\n\n\n\n<p>*Constituci\u00f3n de sociedades<\/p>\n\n\n\n<p>*Iniciaci\u00f3n de actividades<\/p>\n\n\n\n<p>*T\u00e9rminos de giro<\/p>\n\n\n\n<p>*Fiscalizaciones en SII <\/p>\n\n\n\n<p><strong>3.-Asesor\u00eda\nLaboral<\/strong><\/p>\n\n\n\n<div class=\"wp-block-image\"><figure class=\"aligncenter\"><img loading=\"lazy\" decoding=\"async\" width=\"960\" height=\"350\" src=\"http:\/\/cyasesorias.cl\/wp-content\/uploads\/2019\/03\/129735-banner3.jpg\" alt=\"\" class=\"wp-image-317\" srcset=\"https:\/\/cyasesorias.cl\/wp-content\/uploads\/2019\/03\/129735-banner3.jpg 960w, https:\/\/cyasesorias.cl\/wp-content\/uploads\/2019\/03\/129735-banner3-300x109.jpg 300w, https:\/\/cyasesorias.cl\/wp-content\/uploads\/2019\/03\/129735-banner3-768x280.jpg 768w\" sizes=\"auto, (max-width: 960px) 100vw, 960px\" \/><\/figure><\/div>\n\n\n\n<p>*Contratos de trabajo<\/p>\n\n\n\n<p>*C\u00e1lculo de remuneraciones mensuales<\/p>\n\n\n\n<p>*Anexos de contratos<\/p>\n\n\n\n<p>*Finiquitos<\/p>\n\n\n\n<p>*Control de vacaciones<\/p>\n\n\n\n<p>*Cotizaciones previsionales<\/p>\n","protected":false},"excerpt":{"rendered":"<p>Podemos guiarte desde el inicio de actividades de t\u00fa empresa hasta la generaci\u00f3n de informes financieros que se ajusten a t\u00fa necesidad de la informaci\u00f3n, asegurando el cumplimiento de las normativas vigentes. Nos preocupamos que la informaci\u00f3n sea id\u00f3nea para la toma de decisiones. 1.-Asesor\u00eda Contable *Auditoria interna *Proceso&nbsp; contabilidad mensual *An\u00e1lisis de cuentas *Confecci\u00f3n [&hellip;]<\/p>\n","protected":false},"author":1,"featured_media":0,"parent":0,"menu_order":0,"comment_status":"closed","ping_status":"closed","template":"","meta":{"footnotes":""},"class_list":["post-173","page","type-page","status-publish","hentry"],"_links":{"self":[{"href":"https:\/\/cyasesorias.cl\/index.php?rest_route=\/wp\/v2\/pages\/173","targetHints":{"allow":["GET"]}}],"collection":[{"href":"https:\/\/cyasesorias.cl\/index.php?rest_route=\/wp\/v2\/pages"}],"about":[{"href":"https:\/\/cyasesorias.cl\/index.php?rest_route=\/wp\/v2\/types\/page"}],"author":[{"embeddable":true,"href":"https:\/\/cyasesorias.cl\/index.php?rest_route=\/wp\/v2\/users\/1"}],"replies":[{"embeddable":true,"href":"https:\/\/cyasesorias.cl\/index.php?rest_route=%2Fwp%2Fv2%2Fcomments&post=173"}],"version-history":[{"count":7,"href":"https:\/\/cyasesorias.cl\/index.php?rest_route=\/wp\/v2\/pages\/173\/revisions"}],"predecessor-version":[{"id":318,"href":"https:\/\/cyasesorias.cl\/index.php?rest_route=\/wp\/v2\/pages\/173\/revisions\/318"}],"wp:attachment":[{"href":"https:\/\/cyasesorias.cl\/index.php?rest_route=%2Fwp%2Fv2%2Fmedia&parent=173"}],"curies":[{"name":"wp","href":"https:\/\/api.w.org\/{rel}","templated":true}]}}