{"id":167,"date":"2019-03-10T18:31:17","date_gmt":"2019-03-10T18:31:17","guid":{"rendered":"http:\/\/cyasesorias.cl\/?page_id=167"},"modified":"2019-03-17T13:20:14","modified_gmt":"2019-03-17T13:20:14","slug":"equipo","status":"publish","type":"page","link":"https:\/\/cyasesorias.cl\/?page_id=167","title":{"rendered":"Equipo"},"content":{"rendered":"\n<p>Con la finalidad de acreditar la calidad\nde los servicios ofrecidos, estimamos apropiado presentar a los profesionales\nque tienen a cargo la direcci\u00f3n de nuestra empresa:<\/p>\n\n\n\n<div class=\"wp-block-image\"><figure class=\"alignleft is-resized\"><img loading=\"lazy\" decoding=\"async\" src=\"http:\/\/cyasesorias.cl\/wp-content\/uploads\/2019\/03\/cristobal-883x1024-1.png\" alt=\"\" class=\"wp-image-286\" width=\"299\" height=\"309\"\/><\/figure><\/div>\n\n\n\n<p><strong>*Crist\u00f3bal\nY\u00e1\u00f1ez Valencia&nbsp;&nbsp; <\/strong><\/p>\n\n\n\n<p><strong>Socio\n<\/strong><\/p>\n\n\n\n<p><strong>+56\n9 66123574<\/strong><\/p>\n\n\n\n<p>Contador Auditor<\/p>\n\n\n\n<p>Diplomado en Normas IFRS (Universidad de\nSantiago)<\/p>\n\n\n\n<p>Diplomado en Control de Gesti\u00f3n\n(Universidad de Chile) <\/p>\n\n\n\n<p>Conocimientos avanzados en ERP SAP\nm\u00f3dulo financiero<\/p>\n\n\n\n<p>Experiencia laboral 12 a\u00f1os<\/p>\n\n\n\n<p>Correo electr\u00f3nico: <a href=\"mailto:cyanez@cyasesorias.cl\">cyanez@cyasesorias.cl<\/a><\/p>\n\n\n\n<div class=\"wp-block-image\"><figure class=\"alignleft is-resized\"><img loading=\"lazy\" decoding=\"async\" src=\"http:\/\/cyasesorias.cl\/wp-content\/uploads\/2019\/03\/leandro.png\" alt=\"\" class=\"wp-image-232\" width=\"299\" height=\"309\" srcset=\"https:\/\/cyasesorias.cl\/wp-content\/uploads\/2019\/03\/leandro.png 882w, https:\/\/cyasesorias.cl\/wp-content\/uploads\/2019\/03\/leandro-291x300.png 291w, https:\/\/cyasesorias.cl\/wp-content\/uploads\/2019\/03\/leandro-768x791.png 768w\" sizes=\"auto, (max-width: 299px) 100vw, 299px\" \/><\/figure><\/div>\n\n\n\n<p>*<strong>Leandro\nCastro Torres<\/strong><\/p>\n\n\n\n<p><strong>Socio<\/strong><\/p>\n\n\n\n<p><strong>+56\n9 57984796<\/strong><\/p>\n\n\n\n<p>Contador Auditor<\/p>\n\n\n\n<p>Diplomado en Control de Gesti\u00f3n\n(Universidad de Chile) <\/p>\n\n\n\n<p>Cursando Magister en Tributaci\u00f3n\n(Universidad de los Andes)<\/p>\n\n\n\n<p>Conocimientos avanzados en ERP SAP\nm\u00f3dulo financiero<\/p>\n\n\n\n<p>Experiencia laboral 7 a\u00f1os <\/p>\n\n\n\n<p>Correo electr\u00f3nico: <a href=\"mailto:lcastro@cyasesorias.cl\">lcastro@cyasesorias.cl<\/a><\/p>\n","protected":false},"excerpt":{"rendered":"<p>Con la finalidad de acreditar la calidad de los servicios ofrecidos, estimamos apropiado presentar a los profesionales que tienen a cargo la direcci\u00f3n de nuestra empresa: *Crist\u00f3bal Y\u00e1\u00f1ez Valencia&nbsp;&nbsp; Socio +56 9 66123574 Contador Auditor Diplomado en Normas IFRS (Universidad de Santiago) Diplomado en Control de Gesti\u00f3n (Universidad de Chile) Conocimientos avanzados en ERP SAP [&hellip;]<\/p>\n","protected":false},"author":1,"featured_media":0,"parent":0,"menu_order":0,"comment_status":"closed","ping_status":"closed","template":"","meta":{"footnotes":""},"class_list":["post-167","page","type-page","status-publish","hentry"],"_links":{"self":[{"href":"https:\/\/cyasesorias.cl\/index.php?rest_route=\/wp\/v2\/pages\/167","targetHints":{"allow":["GET"]}}],"collection":[{"href":"https:\/\/cyasesorias.cl\/index.php?rest_route=\/wp\/v2\/pages"}],"about":[{"href":"https:\/\/cyasesorias.cl\/index.php?rest_route=\/wp\/v2\/types\/page"}],"author":[{"embeddable":true,"href":"https:\/\/cyasesorias.cl\/index.php?rest_route=\/wp\/v2\/users\/1"}],"replies":[{"embeddable":true,"href":"https:\/\/cyasesorias.cl\/index.php?rest_route=%2Fwp%2Fv2%2Fcomments&post=167"}],"version-history":[{"count":11,"href":"https:\/\/cyasesorias.cl\/index.php?rest_route=\/wp\/v2\/pages\/167\/revisions"}],"predecessor-version":[{"id":287,"href":"https:\/\/cyasesorias.cl\/index.php?rest_route=\/wp\/v2\/pages\/167\/revisions\/287"}],"wp:attachment":[{"href":"https:\/\/cyasesorias.cl\/index.php?rest_route=%2Fwp%2Fv2%2Fmedia&parent=167"}],"curies":[{"name":"wp","href":"https:\/\/api.w.org\/{rel}","templated":true}]}}