{"id":163,"date":"2019-03-10T18:25:59","date_gmt":"2019-03-10T18:25:59","guid":{"rendered":"http:\/\/cyasesorias.cl\/?page_id=163"},"modified":"2019-03-10T20:53:51","modified_gmt":"2019-03-10T20:53:51","slug":"quienes-somos","status":"publish","type":"page","link":"https:\/\/cyasesorias.cl\/?page_id=163","title":{"rendered":"Quienes Somos"},"content":{"rendered":"\n<p>En un mercado como el nuestro, con\ncambios constantes se requiere contar con una asesor\u00eda profesional y\norientada&nbsp; a un prop\u00f3sito claro para la\n\u00f3ptima gesti\u00f3n administrativa&nbsp; de todo\ntipo de organizaci\u00f3n. Nos dirigimos a empresas y particulares.<\/p>\n\n\n\n<p>Somos un equipo con conocimientos\ncontables, tributarios y laborales, lo que nos permite prestar un servicio\nabsolutamente profesional, garantizando un servicio de calidad a cada uno de\nnuestros clientes. La calidad de nuestro trabajo y responsabilidad es nuestra\nmejor carta de presentaci\u00f3n.<\/p>\n\n\n\n<p>No escatimamos esfuerzos para alcanzar\nsu m\u00e1xima satisfacci\u00f3n<\/p>\n","protected":false},"excerpt":{"rendered":"<p>En un mercado como el nuestro, con cambios constantes se requiere contar con una asesor\u00eda profesional y orientada&nbsp; a un prop\u00f3sito claro para la \u00f3ptima gesti\u00f3n administrativa&nbsp; de todo tipo de organizaci\u00f3n. Nos dirigimos a empresas y particulares. Somos un equipo con conocimientos contables, tributarios y laborales, lo que nos permite prestar un servicio absolutamente [&hellip;]<\/p>\n","protected":false},"author":1,"featured_media":0,"parent":0,"menu_order":0,"comment_status":"closed","ping_status":"closed","template":"","meta":{"footnotes":""},"class_list":["post-163","page","type-page","status-publish","hentry"],"_links":{"self":[{"href":"https:\/\/cyasesorias.cl\/index.php?rest_route=\/wp\/v2\/pages\/163","targetHints":{"allow":["GET"]}}],"collection":[{"href":"https:\/\/cyasesorias.cl\/index.php?rest_route=\/wp\/v2\/pages"}],"about":[{"href":"https:\/\/cyasesorias.cl\/index.php?rest_route=\/wp\/v2\/types\/page"}],"author":[{"embeddable":true,"href":"https:\/\/cyasesorias.cl\/index.php?rest_route=\/wp\/v2\/users\/1"}],"replies":[{"embeddable":true,"href":"https:\/\/cyasesorias.cl\/index.php?rest_route=%2Fwp%2Fv2%2Fcomments&post=163"}],"version-history":[{"count":2,"href":"https:\/\/cyasesorias.cl\/index.php?rest_route=\/wp\/v2\/pages\/163\/revisions"}],"predecessor-version":[{"id":271,"href":"https:\/\/cyasesorias.cl\/index.php?rest_route=\/wp\/v2\/pages\/163\/revisions\/271"}],"wp:attachment":[{"href":"https:\/\/cyasesorias.cl\/index.php?rest_route=%2Fwp%2Fv2%2Fmedia&parent=163"}],"curies":[{"name":"wp","href":"https:\/\/api.w.org\/{rel}","templated":true}]}}